{"id":380,"date":"2022-09-08T16:54:29","date_gmt":"2022-09-08T16:54:29","guid":{"rendered":"https:\/\/www.aicp.pt\/aicp\/?page_id=380"},"modified":"2026-01-05T14:24:34","modified_gmt":"2026-01-05T14:24:34","slug":"noticias","status":"publish","type":"page","link":"https:\/\/www.aicp.pt\/aicp\/?page_id=380","title":{"rendered":"Not\u00edcias"},"content":{"rendered":"<p>[et_pb_section fb_built=&#8221;1&#8243; fullwidth=&#8221;on&#8221; _builder_version=&#8221;4.16&#8243; locked=&#8221;off&#8221; global_colors_info=&#8221;{}&#8221;][et_pb_fullwidth_header title=&#8221;Not\u00edcias&#8221; _builder_version=&#8221;4.18.0&#8243; background_color=&#8221;#ffffff&#8221; use_background_color_gradient=&#8221;on&#8221; background_color_gradient_direction=&#8221;146deg&#8221; background_color_gradient_stops=&#8221;#0a58a4 0%|rgba(118,159,193,0.33) 100%&#8221; background_color_gradient_overlays_image=&#8221;on&#8221; background_image=&#8221;https:\/\/www.aicp.pt\/aicp\/wp-content\/uploads\/2022\/09\/sl3.jpg&#8221; custom_padding=&#8221;||220px|||&#8221; global_colors_info=&#8221;{}&#8221;][\/et_pb_fullwidth_header][\/et_pb_section][et_pb_section fb_built=&#8221;1&#8243; admin_label=&#8221;section&#8221; _builder_version=&#8221;4.16&#8243; transparent_background=&#8221;off&#8221; global_colors_info=&#8221;{}&#8221;][et_pb_row _builder_version=&#8221;4.18.0&#8243; _module_preset=&#8221;default&#8221; global_colors_info=&#8221;{}&#8221;][et_pb_column type=&#8221;4_4&#8243; _builder_version=&#8221;4.18.0&#8243; _module_preset=&#8221;default&#8221; global_colors_info=&#8221;{}&#8221;][et_pb_text _builder_version=&#8221;4.27.5&#8243; _module_preset=&#8221;default&#8221; hover_enabled=&#8221;0&#8243; global_colors_info=&#8221;{}&#8221; sticky_enabled=&#8221;0&#8243;]<\/p>\n<p style=\"text-align: justify;\">De 01\/07\/2024 a 05\/07\/2024: Curso Como ensinar na educa\u00e7\u00e3o de adultos em Rijeka (Institui\u00e7\u00e3o de Educa\u00e7\u00e3o de Adultos Dante): Apresenta\u00e7\u00e3o e compara\u00e7\u00e3o do sistema educativo de Portugal e outros pa\u00edses com os temas: Escuta ativa, comunica\u00e7\u00e3o eficaz, an\u00e1lise de necessidades, gest\u00e3o de grupos de alunos adultos e bem-estar no trabalho.<\/p>\n<p style=\"text-align: justify;\">HVALA RIJEKA! From 01\/07\/2024 to05\/07\/2024: Course How to teach in adult education in Rijeka (Adult Education Institution Dante):<\/p>\n<p style=\"text-align: justify;\">Presentation and comparison of the educational system of Portugal and other countries with the themes: Active listening, effective communication, needs analysis, managing adult learner groups and well-being at work.<\/p>\n<p style=\"text-align: justify;\">Gracias Granada!!De 24\/06\/2024 a 28\/06\/2024: Job shadowing em Granada (grupo APDI), Est\u00e1gio em empresa para efeitos de recolha de experi\u00eancias profissionais pr\u00e1ticas noutra empresa (Erasmus +, educa\u00e7\u00e3o de adultos).Apresenta\u00e7\u00e3o e compara\u00e7\u00e3o do sistema educativo de Portugal e Espanha, Sistema de Forma\u00e7\u00e3o Profissional em Espanha, Est\u00e1gio em empresas para alunos de EFP;<\/p>\n<p style=\"text-align: justify;\">From 24\/06\/2024 to 28\/06\/2024: Job shadowing in Granada(APDI group), In-company internship for the purpose of gathering pratical occupational experiences in another company (Erasmus +, adult education).Presentation and comparison of the educational system of Portugal and Spain, the Vocational Training System in Spain, Internship in companies for VET learners;<\/p>\n<p>[\/et_pb_text][\/et_pb_column][\/et_pb_row][et_pb_row _builder_version=&#8221;4.18.0&#8243; _module_preset=&#8221;default&#8221; global_colors_info=&#8221;{}&#8221; locked=&#8221;off&#8221;][et_pb_column type=&#8221;4_4&#8243; _builder_version=&#8221;4.18.0&#8243; _module_preset=&#8221;default&#8221; global_colors_info=&#8221;{}&#8221;][et_pb_text _builder_version=&#8221;4.18.0&#8243; _module_preset=&#8221;003e9429-8e11-4d9e-968b-8881092bbf81&#8243; header_2_font=&#8221;|600|||||||&#8221; header_2_text_color=&#8221;#000000&#8243; header_2_font_size=&#8221;48px&#8221; header_2_line_height=&#8221;1.1em&#8221; custom_margin=&#8221;||0px||false|false&#8221; custom_padding=&#8221;||25px|||&#8221; header_2_font_size_tablet=&#8221;32px&#8221; header_2_font_size_phone=&#8221;20px&#8221; header_2_font_size_last_edited=&#8221;on|desktop&#8221; header_2_line_height_tablet=&#8221;1.2em&#8221; header_2_line_height_phone=&#8221;&#8221; header_2_line_height_last_edited=&#8221;on|phone&#8221; locked=&#8221;off&#8221; global_colors_info=&#8221;{}&#8221;]<\/p>\n<h2>Not\u00edcias<\/h2>\n<p>[\/et_pb_text][et_pb_divider color=&#8221;#0a58a4&#8243; divider_weight=&#8221;5px&#8221; _builder_version=&#8221;4.18.0&#8243; _module_preset=&#8221;ce0e852d-65f7-4b50-97d9-c94701b6b484&#8243; max_width=&#8221;150px&#8221; height=&#8221;5px&#8221; custom_margin=&#8221;-24px||30px||false|false&#8221; custom_margin_tablet=&#8221;-22px||||false|false&#8221; custom_margin_phone=&#8221;-18px||||false|false&#8221; custom_margin_last_edited=&#8221;on|phone&#8221; locked=&#8221;off&#8221; global_colors_info=&#8221;{}&#8221;][\/et_pb_divider][et_pb_blog fullwidth=&#8221;off&#8221; include_categories=&#8221;8&#8243; show_author=&#8221;off&#8221; show_categories=&#8221;off&#8221; _builder_version=&#8221;4.27.5&#8243; _module_preset=&#8221;default&#8221; global_colors_info=&#8221;{}&#8221;][\/et_pb_blog][\/et_pb_column][\/et_pb_row][\/et_pb_section]<\/p>\n","protected":false},"excerpt":{"rendered":"<p>De 01\/07\/2024 a 05\/07\/2024: Curso Como ensinar na educa\u00e7\u00e3o de adultos em Rijeka (Institui\u00e7\u00e3o de Educa\u00e7\u00e3o de Adultos Dante): Apresenta\u00e7\u00e3o e compara\u00e7\u00e3o do sistema educativo de Portugal e outros pa\u00edses com os temas: Escuta ativa, comunica\u00e7\u00e3o eficaz, an\u00e1lise de necessidades, gest\u00e3o de grupos de alunos adultos e bem-estar no trabalho. HVALA RIJEKA! From 01\/07\/2024 to05\/07\/2024: [&hellip;]<\/p>\n","protected":false},"author":2,"featured_media":0,"parent":0,"menu_order":0,"comment_status":"closed","ping_status":"closed","template":"","meta":{"_et_pb_use_builder":"on","_et_pb_old_content":"","_et_gb_content_width":"","footnotes":""},"class_list":["post-380","page","type-page","status-publish","hentry"],"_links":{"self":[{"href":"https:\/\/www.aicp.pt\/aicp\/index.php?rest_route=\/wp\/v2\/pages\/380","targetHints":{"allow":["GET"]}}],"collection":[{"href":"https:\/\/www.aicp.pt\/aicp\/index.php?rest_route=\/wp\/v2\/pages"}],"about":[{"href":"https:\/\/www.aicp.pt\/aicp\/index.php?rest_route=\/wp\/v2\/types\/page"}],"author":[{"embeddable":true,"href":"https:\/\/www.aicp.pt\/aicp\/index.php?rest_route=\/wp\/v2\/users\/2"}],"replies":[{"embeddable":true,"href":"https:\/\/www.aicp.pt\/aicp\/index.php?rest_route=%2Fwp%2Fv2%2Fcomments&post=380"}],"version-history":[{"count":7,"href":"https:\/\/www.aicp.pt\/aicp\/index.php?rest_route=\/wp\/v2\/pages\/380\/revisions"}],"predecessor-version":[{"id":756,"href":"https:\/\/www.aicp.pt\/aicp\/index.php?rest_route=\/wp\/v2\/pages\/380\/revisions\/756"}],"wp:attachment":[{"href":"https:\/\/www.aicp.pt\/aicp\/index.php?rest_route=%2Fwp%2Fv2%2Fmedia&parent=380"}],"curies":[{"name":"wp","href":"https:\/\/api.w.org\/{rel}","templated":true}]}}