{"id":443,"date":"2022-09-09T12:10:50","date_gmt":"2022-09-09T12:10:50","guid":{"rendered":"https:\/\/www.aicp.pt\/aicp\/?page_id=443"},"modified":"2022-09-13T15:20:38","modified_gmt":"2022-09-13T15:20:38","slug":"participacao-em-entidades","status":"publish","type":"page","link":"https:\/\/www.aicp.pt\/aicp\/?page_id=443","title":{"rendered":"Participa\u00e7\u00e3o em Entidades"},"content":{"rendered":"<p>[et_pb_section fb_built=&#8221;1&#8243; fullwidth=&#8221;on&#8221; _builder_version=&#8221;4.16&#8243; locked=&#8221;off&#8221; global_colors_info=&#8221;{}&#8221;][et_pb_fullwidth_header title=&#8221;Participa\u00e7\u00e3o em Entidades&#8221; _builder_version=&#8221;4.18.0&#8243; background_color=&#8221;#ffffff&#8221; background_image=&#8221;https:\/\/www.aicp.pt\/aicp\/wp-content\/uploads\/2022\/09\/sl3.jpg&#8221; custom_padding=&#8221;||220px|||&#8221; hover_enabled=&#8221;0&#8243; global_colors_info=&#8221;{}&#8221; use_background_color_gradient=&#8221;on&#8221; background_color_gradient_stops=&#8221;#0a58a4 0%|rgba(118,159,193,0.33) 100%&#8221; background_color_gradient_direction=&#8221;146deg&#8221; background_color_gradient_overlays_image=&#8221;on&#8221; sticky_enabled=&#8221;0&#8243;][\/et_pb_fullwidth_header][\/et_pb_section][et_pb_section fb_built=&#8221;1&#8243; admin_label=&#8221;section&#8221; _builder_version=&#8221;4.16&#8243; transparent_background=&#8221;off&#8221; global_colors_info=&#8221;{}&#8221;][et_pb_row _builder_version=&#8221;4.18.0&#8243; _module_preset=&#8221;default&#8221; global_colors_info=&#8221;{}&#8221;][et_pb_column type=&#8221;4_4&#8243; _builder_version=&#8221;4.18.0&#8243; _module_preset=&#8221;default&#8221; global_colors_info=&#8221;{}&#8221;][et_pb_text _builder_version=&#8221;4.18.0&#8243; _module_preset=&#8221;default&#8221; global_colors_info=&#8221;{}&#8221;]<\/p>\n<p><strong>Conselho Local de A\u00e7\u00e3o Social de Pombal<\/strong> \u2013 Membro<\/p>\n<p><strong>Novotecna \u2013 Associa\u00e7\u00e3o para o Desenvolvimento Tecnol\u00f3gico<\/strong> \u2013 Membro da Direc\u00e7\u00e3o<\/p>\n<p><strong>Conselho Empresarial do Centro \u2013 C\u00e2mara de Com\u00e9rcio e Ind\u00fastria do Centro<\/strong> \u2013 Membro fundador e vice-presidente<\/p>\n<p><strong>Escola Tecnol\u00f3gica, Art\u00edstica e Profissional de Pombal<\/strong> \u2013 S\u00f3cio fundador, membro do Conselho de Ger\u00eancia e da Dire\u00e7\u00e3o Geral<\/p>\n<p>[\/et_pb_text][\/et_pb_column][\/et_pb_row][\/et_pb_section]<\/p>\n","protected":false},"excerpt":{"rendered":"<p>Conselho Local de A\u00e7\u00e3o Social de Pombal \u2013 Membro Novotecna \u2013 Associa\u00e7\u00e3o para o Desenvolvimento Tecnol\u00f3gico \u2013 Membro da Direc\u00e7\u00e3o Conselho Empresarial do Centro \u2013 C\u00e2mara de Com\u00e9rcio e Ind\u00fastria do Centro \u2013 Membro fundador e vice-presidente Escola Tecnol\u00f3gica, Art\u00edstica e Profissional de Pombal \u2013 S\u00f3cio fundador, membro do Conselho de Ger\u00eancia e da Dire\u00e7\u00e3o [&hellip;]<\/p>\n","protected":false},"author":2,"featured_media":0,"parent":0,"menu_order":0,"comment_status":"closed","ping_status":"closed","template":"","meta":{"_et_pb_use_builder":"on","_et_pb_old_content":"","_et_gb_content_width":"","footnotes":""},"class_list":["post-443","page","type-page","status-publish","hentry"],"_links":{"self":[{"href":"https:\/\/www.aicp.pt\/aicp\/index.php?rest_route=\/wp\/v2\/pages\/443","targetHints":{"allow":["GET"]}}],"collection":[{"href":"https:\/\/www.aicp.pt\/aicp\/index.php?rest_route=\/wp\/v2\/pages"}],"about":[{"href":"https:\/\/www.aicp.pt\/aicp\/index.php?rest_route=\/wp\/v2\/types\/page"}],"author":[{"embeddable":true,"href":"https:\/\/www.aicp.pt\/aicp\/index.php?rest_route=\/wp\/v2\/users\/2"}],"replies":[{"embeddable":true,"href":"https:\/\/www.aicp.pt\/aicp\/index.php?rest_route=%2Fwp%2Fv2%2Fcomments&post=443"}],"version-history":[{"count":5,"href":"https:\/\/www.aicp.pt\/aicp\/index.php?rest_route=\/wp\/v2\/pages\/443\/revisions"}],"predecessor-version":[{"id":655,"href":"https:\/\/www.aicp.pt\/aicp\/index.php?rest_route=\/wp\/v2\/pages\/443\/revisions\/655"}],"wp:attachment":[{"href":"https:\/\/www.aicp.pt\/aicp\/index.php?rest_route=%2Fwp%2Fv2%2Fmedia&parent=443"}],"curies":[{"name":"wp","href":"https:\/\/api.w.org\/{rel}","templated":true}]}}