{"id":575,"date":"2022-09-09T15:51:15","date_gmt":"2022-09-09T15:51:15","guid":{"rendered":"https:\/\/www.aicp.pt\/aicp\/?page_id=575"},"modified":"2026-01-05T15:19:03","modified_gmt":"2026-01-05T15:19:03","slug":"centro-qualifica","status":"publish","type":"page","link":"https:\/\/www.aicp.pt\/aicp\/?page_id=575","title":{"rendered":"Centro Qualifica"},"content":{"rendered":"<p>[et_pb_section fb_built=&#8221;1&#8243; fullwidth=&#8221;on&#8221; _builder_version=&#8221;4.16&#8243; locked=&#8221;off&#8221; global_colors_info=&#8221;{}&#8221;][et_pb_fullwidth_header title=&#8221;Centro Qualifica&#8221; _builder_version=&#8221;4.18.0&#8243; background_color=&#8221;#ffffff&#8221; use_background_color_gradient=&#8221;on&#8221; background_color_gradient_direction=&#8221;146deg&#8221; background_color_gradient_stops=&#8221;#0a58a4 0%|rgba(118,159,193,0.33) 100%&#8221; background_color_gradient_overlays_image=&#8221;on&#8221; background_image=&#8221;https:\/\/www.aicp.pt\/aicp\/wp-content\/uploads\/2022\/09\/sl2.jpg&#8221; custom_padding=&#8221;||220px|||&#8221; global_colors_info=&#8221;{}&#8221;][\/et_pb_fullwidth_header][\/et_pb_section][et_pb_section fb_built=&#8221;1&#8243; admin_label=&#8221;section&#8221; _builder_version=&#8221;4.16&#8243; transparent_background=&#8221;off&#8221; global_colors_info=&#8221;{}&#8221;][et_pb_row _builder_version=&#8221;4.18.0&#8243; _module_preset=&#8221;default&#8221; global_colors_info=&#8221;{}&#8221;][et_pb_column type=&#8221;4_4&#8243; _builder_version=&#8221;4.18.0&#8243; _module_preset=&#8221;default&#8221; global_colors_info=&#8221;{}&#8221;][et_pb_text _builder_version=&#8221;4.18.0&#8243; _module_preset=&#8221;default&#8221; global_colors_info=&#8221;{}&#8221;]<\/p>\n<h3>Documento\u00a0<\/h3>\n<p>[\/et_pb_text][et_pb_text _builder_version=&#8221;4.27.5&#8243; _module_preset=&#8221;default&#8221; hover_enabled=&#8221;0&#8243; global_colors_info=&#8221;{}&#8221; sticky_enabled=&#8221;0&#8243;]<\/p>\n<h3>Ficha de inscri\u00e7\u00e3o<\/h3>\n<h3>https:\/\/forms.gle\/iSkUpQ8VAECTKajHA<\/h3>\n<p>[\/et_pb_text][et_pb_text _builder_version=&#8221;4.18.0&#8243; _module_preset=&#8221;default&#8221; global_colors_info=&#8221;{}&#8221;]<\/p>\n<h3 style=\"text-align: justify;\">O que \u00e9 o Programa Qualifica?<\/h3>\n<p style=\"text-align: justify;\">O Programa Qualifica \u00e9 um programa dirigido aos adultos com percursos de educa\u00e7\u00e3o e forma\u00e7\u00e3o incompletos e tem por objetivo melhorar os n\u00edveis de qualifica\u00e7\u00e3o dos adultos, contribuindo para a progress\u00e3o da qualifica\u00e7\u00e3o da popula\u00e7\u00e3o e a melhoria da empregabilidade dos indiv\u00edduos.<\/p>\n<p style=\"text-align: justify;\">No \u00e2mbito do Programa Qualifica foi criada uma rede nacional de centros especializados para a qualifica\u00e7\u00e3o de adultos \u2014 os Centros Qualifica \u2014 que t\u00eam ampla cobertura do territ\u00f3rio nacional e que s\u00e3o promovidos por diversos tipos de entidades como escolas, centros de forma\u00e7\u00e3o do Instituto de Emprego e Forma\u00e7\u00e3o Profissional (IEFP), c\u00e2maras municipais, empresas e associa\u00e7\u00f5es empresariais ou associa\u00e7\u00f5es de desenvolvimento local. Estes centros prestam um servi\u00e7o p\u00fablico individualizado aos adultos, permitindo que em fun\u00e7\u00e3o das caracter\u00edsticas de cada pessoa, do seu passado escolar e profissional e das suas ambi\u00e7\u00f5es e expectativas, seja definido o percurso de qualifica\u00e7\u00e3o mais adequado a cada situa\u00e7\u00e3o concreta.<\/p>\n<p style=\"text-align: justify;\">Os Centros Qualifica t\u00eam como principais atribui\u00e7\u00f5es, designadamente: i) a mobiliza\u00e7\u00e3o dos adultos para processos de aprendizagem ao longo da vida; ii) a orienta\u00e7\u00e3o e o encaminhamento dos adultos para percursos de qualifica\u00e7\u00e3o, bem como o seu acompanhamento, independentemente de o percurso vir a ser desenvolvido nos Centros Qualifica ou por outra entidade formadora; iii) o desenvolvimento de processos de reconhecimento, valida\u00e7\u00e3o e certifica\u00e7\u00e3o das compet\u00eancias adquiridas por vias formais, n\u00e3o formais e informais, de \u00e2mbito escolar, profissional ou de dupla certifica\u00e7\u00e3o; iv) a emiss\u00e3o e atualiza\u00e7\u00e3o do instrumento de orienta\u00e7\u00e3o e registo individual de qualifica\u00e7\u00f5es e compet\u00eancias \u2014 Passaporte Qualifica; v) a oferta de respostas de qualifica\u00e7\u00e3o flex\u00edveis e adequadas \u00e0s necessidades e aos contextos do p\u00fablico a que se destinam; ou vi) a dinamiza\u00e7\u00e3o e participa\u00e7\u00e3o em redes de parceria de base territorial ou setorial, tendo em vista a interven\u00e7\u00e3o integrada no dom\u00ednio da aprendizagem ao longo da vida e da qualifica\u00e7\u00e3o escolar e profissional dos adultos.<\/p>\n<p>[\/et_pb_text][\/et_pb_column][\/et_pb_row][et_pb_row _builder_version=&#8221;4.18.0&#8243; _module_preset=&#8221;default&#8221; global_colors_info=&#8221;{}&#8221;][et_pb_column type=&#8221;4_4&#8243; _builder_version=&#8221;4.18.0&#8243; _module_preset=&#8221;default&#8221; global_colors_info=&#8221;{}&#8221;][et_pb_text _builder_version=&#8221;4.27.5&#8243; _module_preset=&#8221;default&#8221; hover_enabled=&#8221;0&#8243; global_colors_info=&#8221;{}&#8221; sticky_enabled=&#8221;0&#8243;]<\/p>\n<h3>Links \u00fateis<\/h3>\n<p>Centro Qualifica<br \/><a href=\"https:\/\/www.qualifica.gov.pt\/#\/\" target=\"_blank\" rel=\"noopener\">https:\/\/www.qualifica.gov.pt\/#\/<\/a><\/p>\n<p>ANQEP<br \/><a href=\"https:\/\/www.anqep.gov.pt\/np4\/home\" target=\"_blank\" rel=\"noopener\">https:\/\/www.anqep.gov.pt\/np4\/home<\/a><\/p>\n<p>IEFP<br \/><a href=\"https:\/\/www.iefp.pt\/\" target=\"_blank\" rel=\"noopener\">https:\/\/www.iefp.pt\/<\/a><\/p>\n<p>[\/et_pb_text][\/et_pb_column][\/et_pb_row][et_pb_row column_structure=&#8221;1_3,1_3,1_3&#8243; _builder_version=&#8221;4.18.0&#8243; _module_preset=&#8221;default&#8221; locked=&#8221;off&#8221; global_colors_info=&#8221;{}&#8221;][et_pb_column type=&#8221;1_3&#8243; _builder_version=&#8221;4.18.0&#8243; _module_preset=&#8221;default&#8221; global_colors_info=&#8221;{}&#8221;][et_pb_image src=&#8221;https:\/\/www.aicp.pt\/aicp\/wp-content\/uploads\/2022\/09\/ANQEP.jpg&#8221; url=&#8221;https:\/\/www.anqep.gov.pt\/np4\/home.html&#8221; url_new_window=&#8221;on&#8221; _builder_version=&#8221;4.18.0&#8243; _module_preset=&#8221;default&#8221; global_colors_info=&#8221;{}&#8221;][\/et_pb_image][\/et_pb_column][et_pb_column type=&#8221;1_3&#8243; _builder_version=&#8221;4.18.0&#8243; _module_preset=&#8221;default&#8221; global_colors_info=&#8221;{}&#8221;][\/et_pb_column][et_pb_column type=&#8221;1_3&#8243; _builder_version=&#8221;4.18.0&#8243; _module_preset=&#8221;default&#8221; global_colors_info=&#8221;{}&#8221;][\/et_pb_column][\/et_pb_row][\/et_pb_section]<\/p>\n","protected":false},"excerpt":{"rendered":"<p>Documento\u00a0Ficha de inscri\u00e7\u00e3o https:\/\/forms.gle\/iSkUpQ8VAECTKajHAO que \u00e9 o Programa Qualifica? O Programa Qualifica \u00e9 um programa dirigido aos adultos com percursos de educa\u00e7\u00e3o e forma\u00e7\u00e3o incompletos e tem por objetivo melhorar os n\u00edveis de qualifica\u00e7\u00e3o dos adultos, contribuindo para a progress\u00e3o da qualifica\u00e7\u00e3o da popula\u00e7\u00e3o e a melhoria da empregabilidade dos indiv\u00edduos. No \u00e2mbito do Programa [&hellip;]<\/p>\n","protected":false},"author":2,"featured_media":0,"parent":0,"menu_order":0,"comment_status":"closed","ping_status":"closed","template":"","meta":{"_et_pb_use_builder":"on","_et_pb_old_content":"","_et_gb_content_width":"","footnotes":""},"class_list":["post-575","page","type-page","status-publish","hentry"],"_links":{"self":[{"href":"https:\/\/www.aicp.pt\/aicp\/index.php?rest_route=\/wp\/v2\/pages\/575","targetHints":{"allow":["GET"]}}],"collection":[{"href":"https:\/\/www.aicp.pt\/aicp\/index.php?rest_route=\/wp\/v2\/pages"}],"about":[{"href":"https:\/\/www.aicp.pt\/aicp\/index.php?rest_route=\/wp\/v2\/types\/page"}],"author":[{"embeddable":true,"href":"https:\/\/www.aicp.pt\/aicp\/index.php?rest_route=\/wp\/v2\/users\/2"}],"replies":[{"embeddable":true,"href":"https:\/\/www.aicp.pt\/aicp\/index.php?rest_route=%2Fwp%2Fv2%2Fcomments&post=575"}],"version-history":[{"count":10,"href":"https:\/\/www.aicp.pt\/aicp\/index.php?rest_route=\/wp\/v2\/pages\/575\/revisions"}],"predecessor-version":[{"id":782,"href":"https:\/\/www.aicp.pt\/aicp\/index.php?rest_route=\/wp\/v2\/pages\/575\/revisions\/782"}],"wp:attachment":[{"href":"https:\/\/www.aicp.pt\/aicp\/index.php?rest_route=%2Fwp%2Fv2%2Fmedia&parent=575"}],"curies":[{"name":"wp","href":"https:\/\/api.w.org\/{rel}","templated":true}]}}