{"id":680,"date":"2022-09-13T16:13:46","date_gmt":"2022-09-13T16:13:46","guid":{"rendered":"https:\/\/www.aicp.pt\/aicp\/?page_id=680"},"modified":"2026-01-05T15:20:32","modified_gmt":"2026-01-05T15:20:32","slug":"posto-dos-ctt","status":"publish","type":"page","link":"https:\/\/www.aicp.pt\/aicp\/?page_id=680","title":{"rendered":"Posto dos CTT"},"content":{"rendered":"<p>[et_pb_section fb_built=&#8221;1&#8243; fullwidth=&#8221;on&#8221; _builder_version=&#8221;4.16&#8243; locked=&#8221;off&#8221; global_colors_info=&#8221;{}&#8221;][et_pb_fullwidth_header title=&#8221;Posto dos CTT&#8221; _builder_version=&#8221;4.18.0&#8243; background_color=&#8221;#ffffff&#8221; use_background_color_gradient=&#8221;on&#8221; background_color_gradient_direction=&#8221;146deg&#8221; background_color_gradient_stops=&#8221;#0a58a4 0%|rgba(118,159,193,0.33) 100%&#8221; background_color_gradient_overlays_image=&#8221;on&#8221; background_image=&#8221;https:\/\/www.aicp.pt\/aicp\/wp-content\/uploads\/2022\/09\/sl3.jpg&#8221; custom_padding=&#8221;||220px|||&#8221; global_colors_info=&#8221;{}&#8221;][\/et_pb_fullwidth_header][\/et_pb_section][et_pb_section fb_built=&#8221;1&#8243; _builder_version=&#8221;4.18.0&#8243; _module_preset=&#8221;default&#8221; global_colors_info=&#8221;{}&#8221;][et_pb_row _builder_version=&#8221;4.18.0&#8243; _module_preset=&#8221;default&#8221; global_colors_info=&#8221;{}&#8221;][et_pb_column type=&#8221;4_4&#8243; _builder_version=&#8221;4.18.0&#8243; _module_preset=&#8221;default&#8221; global_colors_info=&#8221;{}&#8221;][et_pb_text _builder_version=&#8221;4.18.0&#8243; _module_preset=&#8221;default&#8221; global_colors_info=&#8221;{}&#8221;]AV. INF. D. HENRIQUE, 11, P. IND. MANUEL DA MOTA, POMBAL<br \/>\n3100-354 POMBAL<br \/>\nTelefone: 236218435<\/p>\n<p><strong>Hor\u00e1rio<\/strong><br \/>\nDias \u00fateis : 09:00 &#8211; 12:30 , 14:00 &#8211; 18:00<\/p>\n<p>Temos ao dispor das empresas e da popula\u00e7\u00e3o 1 Posto Ctt com facilidade de estacionamento[\/et_pb_text][et_pb_image src=&#8221;https:\/\/www.aicp.pt\/aicp\/wp-content\/uploads\/2026\/01\/img_post_204060520082818-1.jpg&#8221; _builder_version=&#8221;4.27.5&#8243; _module_preset=&#8221;default&#8221; hover_enabled=&#8221;0&#8243; sticky_enabled=&#8221;0&#8243;][\/et_pb_image][\/et_pb_column][\/et_pb_row][\/et_pb_section]<\/p>\n","protected":false},"excerpt":{"rendered":"<p>AV. INF. D. HENRIQUE, 11, P. IND. MANUEL DA MOTA, POMBAL 3100-354 POMBAL Telefone: 236218435 Hor\u00e1rio Dias \u00fateis : 09:00 &#8211; 12:30 , 14:00 &#8211; 18:00 Temos ao dispor das empresas e da popula\u00e7\u00e3o 1 Posto Ctt com facilidade de estacionamento<\/p>\n","protected":false},"author":2,"featured_media":0,"parent":0,"menu_order":0,"comment_status":"closed","ping_status":"closed","template":"","meta":{"_et_pb_use_builder":"on","_et_pb_old_content":"","_et_gb_content_width":"","footnotes":""},"class_list":["post-680","page","type-page","status-publish","hentry"],"_links":{"self":[{"href":"https:\/\/www.aicp.pt\/aicp\/index.php?rest_route=\/wp\/v2\/pages\/680","targetHints":{"allow":["GET"]}}],"collection":[{"href":"https:\/\/www.aicp.pt\/aicp\/index.php?rest_route=\/wp\/v2\/pages"}],"about":[{"href":"https:\/\/www.aicp.pt\/aicp\/index.php?rest_route=\/wp\/v2\/types\/page"}],"author":[{"embeddable":true,"href":"https:\/\/www.aicp.pt\/aicp\/index.php?rest_route=\/wp\/v2\/users\/2"}],"replies":[{"embeddable":true,"href":"https:\/\/www.aicp.pt\/aicp\/index.php?rest_route=%2Fwp%2Fv2%2Fcomments&post=680"}],"version-history":[{"count":6,"href":"https:\/\/www.aicp.pt\/aicp\/index.php?rest_route=\/wp\/v2\/pages\/680\/revisions"}],"predecessor-version":[{"id":784,"href":"https:\/\/www.aicp.pt\/aicp\/index.php?rest_route=\/wp\/v2\/pages\/680\/revisions\/784"}],"wp:attachment":[{"href":"https:\/\/www.aicp.pt\/aicp\/index.php?rest_route=%2Fwp%2Fv2%2Fmedia&parent=680"}],"curies":[{"name":"wp","href":"https:\/\/api.w.org\/{rel}","templated":true}]}}